{"id":762,"date":"2023-10-04T21:26:47","date_gmt":"2023-10-04T21:26:47","guid":{"rendered":"https:\/\/condorei.com\/?page_id=762"},"modified":"2023-10-04T21:28:15","modified_gmt":"2023-10-04T21:28:15","slug":"disclaimer","status":"publish","type":"page","link":"https:\/\/condorei.com\/index.php\/disclaimer\/","title":{"rendered":"Disclaimer"},"content":{"rendered":"\t\t<div data-elementor-type=\"wp-page\" data-elementor-id=\"762\" class=\"elementor elementor-762\" data-elementor-post-type=\"page\">\n\t\t\t\t\t\t\t\t\t<section class=\"elementor-section elementor-top-section elementor-element elementor-element-27673f1 elementor-section-boxed elementor-section-height-default elementor-section-height-default\" data-id=\"27673f1\" data-element_type=\"section\" data-settings=\"{&quot;jet_parallax_layout_list&quot;:[]}\">\n\t\t\t\t\t\t<div class=\"elementor-container elementor-column-gap-default\">\n\t\t\t\t\t<div class=\"elementor-column elementor-col-100 elementor-top-column elementor-element elementor-element-3dd48c9\" data-id=\"3dd48c9\" data-element_type=\"column\">\n\t\t\t<div class=\"elementor-widget-wrap elementor-element-populated\">\n\t\t\t\t\t\t\t\t<div class=\"elementor-element elementor-element-f4211bd animated-slow elementor-invisible elementor-widget elementor-widget-text-editor\" data-id=\"f4211bd\" data-element_type=\"widget\" data-settings=\"{&quot;_animation&quot;:&quot;fadeIn&quot;,&quot;_animation_delay&quot;:50}\" data-widget_type=\"text-editor.default\">\n\t\t\t\t<div class=\"elementor-widget-container\">\n\t\t\t<style>\/*! elementor - v3.16.0 - 17-10-2023 *\/\n.elementor-widget-text-editor.elementor-drop-cap-view-stacked .elementor-drop-cap{background-color:#69727d;color:#fff}.elementor-widget-text-editor.elementor-drop-cap-view-framed .elementor-drop-cap{color:#69727d;border:3px solid;background-color:transparent}.elementor-widget-text-editor:not(.elementor-drop-cap-view-default) .elementor-drop-cap{margin-top:8px}.elementor-widget-text-editor:not(.elementor-drop-cap-view-default) .elementor-drop-cap-letter{width:1em;height:1em}.elementor-widget-text-editor .elementor-drop-cap{float:left;text-align:center;line-height:1;font-size:50px}.elementor-widget-text-editor .elementor-drop-cap-letter{display:inline-block}<\/style>\t\t\t\t<div class=\"page\" title=\"Page 5\"><div class=\"section\"><div class=\"layoutArea\"><div class=\"column\"><p>Disclaimer<\/p><\/div><\/div><\/div><\/div>\t\t\t\t\t\t<\/div>\n\t\t\t\t<\/div>\n\t\t\t\t<div class=\"elementor-element elementor-element-cdaafb0 elementor-widget elementor-widget-text-editor\" data-id=\"cdaafb0\" data-element_type=\"widget\" data-widget_type=\"text-editor.default\">\n\t\t\t\t<div class=\"elementor-widget-container\">\n\t\t\t\t\t\t\t<p class=\"p1\"><span class=\"s1\">La informaci\u00f3n que contiene esta presentaci\u00f3n no pretende ser extensa o mostrar toda la informaci\u00f3n que un posible inversor pueda desear o necesitar ante la decisi\u00f3n de participar o no en el proyecto de inversi\u00f3n. La informaci\u00f3n que contiene este documento est\u00e1 sujeta a cambios sin previo aviso. Tanto Condor RE S. de R.L. como sus empleados, directivos, accionistas, filiales, asesores o agentes, se exoneran de toda garant\u00eda, expresa o impl\u00edcita, en relaci\u00f3n con la precisi\u00f3n o integridad de cualquier informaci\u00f3n que contenga o a la que se refiera este documento.<\/span><\/p><p class=\"p1\"><span class=\"s1\">Los miembros de Condor RE S. de R.L. , sus accionistas, filiales, asesores y agentes de la misma, renuncian expresamente a toda responsabilidad que pueda surgir como consecuencia del an\u00e1lisis y toma de decisiones sobre este documento, as\u00ed como a toda responsabilidad en relaci\u00f3n a la informaci\u00f3n que aparece o a la que se hace referencia en el mismo, o cualquier error u omisi\u00f3n. Tanto Condor RE S. de R.L. , como sus empleados, directivos, accionistas, filiales, asesores o agentes, quedan exentos de toda obligaci\u00f3n de proporcionar acceso a informaci\u00f3n adicional, de actualizar este documento o de corregir errores encontrados en la informaci\u00f3n que contiene o hace referencia este documento.<\/span><\/p><p class=\"p1\"><span class=\"s1\">Algunas declaraciones en este documento en relaci\u00f3n con el mercado o los datos de posici\u00f3n competitiva pueden haberse basado en an\u00e1lisis internos de Condor RE S. de R.L. , que implican suposiciones y estimaciones. Dichos an\u00e1lisis internos pueden no haber sido verificados por fuentes independientes y por ello no se garantiza que las suposiciones y estimaciones sean precisas. Por consiguiente, el destinatario no deber\u00eda depositar una confianza indebida en esta informaci\u00f3n. Esta informaci\u00f3n se proporciona a los destinatarios con fines meramente informativos y los destinatarios deben llevar a cabo su propio estudio. La informaci\u00f3n que aqu\u00ed se facilita, no deber\u00eda sustituir el propio juicio del destinatario en cuanto a las transacciones, condici\u00f3n financiera y expectativas de las posibles inversiones.<\/span><\/p><p class=\"p1\"><span class=\"s1\">Esta presentaci\u00f3n puede incluir declaraciones prospectivas. Dichas declaraciones prospectivas implican riesgos conocidos y desconocidos, incertidumbres y otros factores que pueden provocar que los resultados, comportamientos o logros, o resultados de industria, difieran de los resultados, expresos o impl\u00edcitos, de estas declaraciones prospectivas. Estas declaraciones prospectivas se basan en numerosas estimaciones referentes a las estrategias de negocio presentes y futuras. Las declaraciones prospectivas toman como referencia la fecha en que se elabor\u00f3 esta presentaci\u00f3n, e Condor RE S. de R.L. se exime expresamente de toda obligaci\u00f3n o garant\u00eda de publicar actualizaciones o revisiones de declaraciones prospectivas en esta presentaci\u00f3n, cambios en sus expectativas o cambios de sucesos, condiciones o circunstancias en las que se basan dichas declaraciones<\/span><\/p><p class=\"p1\"><span class=\"s1\">prospectivas.<\/span><\/p><p class=\"p1\"><span class=\"s1\">Al revisar esta presentaci\u00f3n el destinatario acepta y queda de acuerdo con las anteriores restricciones y limitaciones.<\/span><\/p>\t\t\t\t\t\t<\/div>\n\t\t\t\t<\/div>\n\t\t\t\t\t<\/div>\n\t\t<\/div>\n\t\t\t\t\t\t\t<\/div>\n\t\t<\/section>\n\t\t\t\t\t\t\t<\/div>\n\t\t","protected":false},"excerpt":{"rendered":"<p>Disclaimer La informaci\u00f3n que contiene esta presentaci\u00f3n no pretende ser extensa o mostrar toda la informaci\u00f3n que un posible inversor pueda desear o necesitar ante la decisi\u00f3n de participar o no en el proyecto de inversi\u00f3n. La informaci\u00f3n que contiene este documento est\u00e1 sujeta a cambios sin previo aviso. Tanto Condor RE S. de R.L. [&hellip;]<\/p>\n","protected":false},"author":1,"featured_media":0,"parent":0,"menu_order":0,"comment_status":"closed","ping_status":"closed","template":"","meta":{"footnotes":""},"_links":{"self":[{"href":"https:\/\/condorei.com\/index.php\/wp-json\/wp\/v2\/pages\/762"}],"collection":[{"href":"https:\/\/condorei.com\/index.php\/wp-json\/wp\/v2\/pages"}],"about":[{"href":"https:\/\/condorei.com\/index.php\/wp-json\/wp\/v2\/types\/page"}],"author":[{"embeddable":true,"href":"https:\/\/condorei.com\/index.php\/wp-json\/wp\/v2\/users\/1"}],"replies":[{"embeddable":true,"href":"https:\/\/condorei.com\/index.php\/wp-json\/wp\/v2\/comments?post=762"}],"version-history":[{"count":4,"href":"https:\/\/condorei.com\/index.php\/wp-json\/wp\/v2\/pages\/762\/revisions"}],"predecessor-version":[{"id":766,"href":"https:\/\/condorei.com\/index.php\/wp-json\/wp\/v2\/pages\/762\/revisions\/766"}],"wp:attachment":[{"href":"https:\/\/condorei.com\/index.php\/wp-json\/wp\/v2\/media?parent=762"}],"curies":[{"name":"wp","href":"https:\/\/api.w.org\/{rel}","templated":true}]}}